{"id":26,"date":"2022-10-18T13:52:05","date_gmt":"2022-10-18T12:52:05","guid":{"rendered":"https:\/\/cannariasmag.com\/?page_id=26"},"modified":"2022-11-25T08:55:06","modified_gmt":"2022-11-25T08:55:06","slug":"contact-us","status":"publish","type":"page","link":"https:\/\/cannariasmag.com\/de\/contact-us\/","title":{"rendered":"Kontakt"},"content":{"rendered":"\t\t<div data-elementor-type=\"wp-post\" data-elementor-id=\"26\" class=\"elementor elementor-26\" data-elementor-post-type=\"page\">\n\t\t\t\t\t\t<section class=\"elementor-section elementor-top-section elementor-element elementor-element-552e1c elementor-section-full_width elementor-section-height-min-height elementor-section-items-stretch elementor-section-content-bottom elementor-section-height-default\" data-id=\"552e1c\" data-element_type=\"section\" data-e-type=\"section\">\n\t\t\t\t\t\t<div class=\"elementor-container elementor-column-gap-no\">\n\t\t\t\t\t<div class=\"elementor-column elementor-col-50 elementor-top-column elementor-element elementor-element-7efc6c82\" data-id=\"7efc6c82\" data-element_type=\"column\" data-e-type=\"column\" data-settings=\"{&quot;background_background&quot;:&quot;classic&quot;}\">\n\t\t\t<div class=\"elementor-widget-wrap elementor-element-populated\">\n\t\t\t\t\t\t<div class=\"elementor-element elementor-element-29ff782 elementor-widget elementor-widget-heading\" data-id=\"29ff782\" data-element_type=\"widget\" data-e-type=\"widget\" data-widget_type=\"heading.default\">\n\t\t\t\t<div class=\"elementor-widget-container\">\n\t\t\t\t\t<h1 class=\"elementor-heading-title elementor-size-default\">Contact us<\/h1>\t\t\t\t<\/div>\n\t\t\t\t<\/div>\n\t\t\t\t<div class=\"elementor-element elementor-element-6643e66a elementor-widget elementor-widget-heading\" data-id=\"6643e66a\" data-element_type=\"widget\" data-e-type=\"widget\" data-widget_type=\"heading.default\">\n\t\t\t\t<div class=\"elementor-widget-container\">\n\t\t\t\t\t<h6 class=\"elementor-heading-title elementor-size-default\">CannariasMag - <br>The Higherlifesyle Magazin<br>If you want to contribute or advertise, please get in touch.<\/h6>\t\t\t\t<\/div>\n\t\t\t\t<\/div>\n\t\t\t\t\t<\/div>\n\t\t<\/div>\n\t\t\t\t<div class=\"elementor-column elementor-col-25 elementor-top-column elementor-element elementor-element-437ad312\" data-id=\"437ad312\" data-element_type=\"column\" data-e-type=\"column\">\n\t\t\t<div class=\"elementor-widget-wrap elementor-element-populated\">\n\t\t\t\t\t\t<div class=\"elementor-element elementor-element-58fd4095 elementor-widget elementor-widget-image\" data-id=\"58fd4095\" data-element_type=\"widget\" data-e-type=\"widget\" data-widget_type=\"image.default\">\n\t\t\t\t<div class=\"elementor-widget-container\">\n\t\t\t\t\t\t\t\t\t\t\t\t\t\t\t<img decoding=\"async\" src=\"https:\/\/cannariasmag.com\/wp-content\/uploads\/elementor\/thumbs\/Geri_CannariasMag-pwe9x29e1ea7ki8pge4luhwxu237p09d61iatj504g.jpg\" title=\"Geri_CannariasMag\" alt=\"Geri_CannariasMag\" loading=\"lazy\" \/>\t\t\t\t\t\t\t\t\t\t\t\t\t\t\t<\/div>\n\t\t\t\t<\/div>\n\t\t\t\t\t<\/div>\n\t\t<\/div>\n\t\t\t\t<div class=\"elementor-column elementor-col-25 elementor-top-column elementor-element elementor-element-221a7478\" data-id=\"221a7478\" data-element_type=\"column\" data-e-type=\"column\">\n\t\t\t<div class=\"elementor-widget-wrap elementor-element-populated\">\n\t\t\t\t\t\t<div class=\"elementor-element elementor-element-2eb29385 elementor-widget-mobile__width-initial animated-slow elementor-widget-tablet__width-initial elementor-invisible elementor-widget elementor-widget-spacer\" data-id=\"2eb29385\" data-element_type=\"widget\" data-e-type=\"widget\" data-settings=\"{&quot;_animation&quot;:&quot;fadeInRight&quot;}\" data-widget_type=\"spacer.default\">\n\t\t\t\t<div class=\"elementor-widget-container\">\n\t\t\t\t\t\t\t<div class=\"elementor-spacer\">\n\t\t\t<div class=\"elementor-spacer-inner\"><\/div>\n\t\t<\/div>\n\t\t\t\t\t\t<\/div>\n\t\t\t\t<\/div>\n\t\t\t\t\t<\/div>\n\t\t<\/div>\n\t\t\t\t\t<\/div>\n\t\t<\/section>\n\t\t\t\t<section class=\"elementor-section elementor-top-section elementor-element elementor-element-75b91f58 elementor-section-full_width elementor-section-height-default elementor-section-height-default\" data-id=\"75b91f58\" data-element_type=\"section\" data-e-type=\"section\">\n\t\t\t\t\t\t<div class=\"elementor-container elementor-column-gap-no\">\n\t\t\t\t\t<div class=\"elementor-column elementor-col-100 elementor-top-column elementor-element elementor-element-751c09c2\" data-id=\"751c09c2\" data-element_type=\"column\" data-e-type=\"column\">\n\t\t\t<div class=\"elementor-widget-wrap elementor-element-populated\">\n\t\t\t\t\t\t<div class=\"elementor-element elementor-element-f9899b9 elementor-icon-list--layout-inline elementor-list-item-link-full_width elementor-widget elementor-widget-icon-list\" data-id=\"f9899b9\" data-element_type=\"widget\" data-e-type=\"widget\" data-widget_type=\"icon-list.default\">\n\t\t\t\t<div class=\"elementor-widget-container\">\n\t\t\t\t\t\t\t<ul class=\"elementor-icon-list-items elementor-inline-items\">\n\t\t\t\t\t\t\t<li class=\"elementor-icon-list-item elementor-inline-item\">\n\t\t\t\t\t\t\t\t\t\t\t<span class=\"elementor-icon-list-icon\">\n\t\t\t\t\t\t\t<i aria-hidden=\"true\" class=\"far fa-envelope\"><\/i>\t\t\t\t\t\t<\/span>\n\t\t\t\t\t\t\t\t\t\t<span class=\"elementor-icon-list-text\">edit@cannariasmag.com<\/span>\n\t\t\t\t\t\t\t\t\t<\/li>\n\t\t\t\t\t\t<\/ul>\n\t\t\t\t\t\t<\/div>\n\t\t\t\t<\/div>\n\t\t\t\t\t<\/div>\n\t\t<\/div>\n\t\t\t\t\t<\/div>\n\t\t<\/section>\n\t\t\t\t<section class=\"elementor-section elementor-top-section elementor-element elementor-element-c12f029 elementor-section-boxed elementor-section-height-default elementor-section-height-default\" data-id=\"c12f029\" data-element_type=\"section\" data-e-type=\"section\">\n\t\t\t\t\t\t<div class=\"elementor-container elementor-column-gap-no\">\n\t\t\t\t\t<div class=\"elementor-column elementor-col-100 elementor-top-column elementor-element elementor-element-4240c7bc\" data-id=\"4240c7bc\" data-element_type=\"column\" data-e-type=\"column\" data-settings=\"{&quot;background_background&quot;:&quot;classic&quot;}\">\n\t\t\t<div class=\"elementor-widget-wrap elementor-element-populated\">\n\t\t\t\t\t\t<div class=\"elementor-element elementor-element-3561ae44 elementor-widget elementor-widget-heading\" data-id=\"3561ae44\" data-element_type=\"widget\" data-e-type=\"widget\" data-widget_type=\"heading.default\">\n\t\t\t\t<div class=\"elementor-widget-container\">\n\t\t\t\t\t<h2 class=\"elementor-heading-title elementor-size-default\">Fill out the form below and we will<br> contact you as soon as possible  <\/h2>\t\t\t\t<\/div>\n\t\t\t\t<\/div>\n\t\t\t\t<div class=\"elementor-element elementor-element-267f53ec elementor-button-align-center elementor-widget elementor-widget-form\" data-id=\"267f53ec\" data-element_type=\"widget\" data-e-type=\"widget\" data-settings=\"{&quot;step_next_label&quot;:&quot;Next&quot;,&quot;step_previous_label&quot;:&quot;Previous&quot;,&quot;button_width&quot;:&quot;100&quot;,&quot;step_type&quot;:&quot;number_text&quot;,&quot;step_icon_shape&quot;:&quot;circle&quot;}\" data-widget_type=\"form.default\">\n\t\t\t\t<div class=\"elementor-widget-container\">\n\t\t\t\t\t\t\t<form class=\"elementor-form\" method=\"post\" name=\"Contact Us\" aria-label=\"Contact Us\">\n\t\t\t<input type=\"hidden\" name=\"post_id\" value=\"26\"\/>\n\t\t\t<input type=\"hidden\" name=\"form_id\" value=\"267f53ec\"\/>\n\t\t\t<input type=\"hidden\" name=\"referer_title\" value=\"Contact Us - CannariasMag\" \/>\n\n\t\t\t\t\t\t\t<input type=\"hidden\" name=\"queried_id\" value=\"26\"\/>\n\t\t\t\n\t\t\t<div class=\"elementor-form-fields-wrapper elementor-labels-above\">\n\t\t\t\t\t\t\t\t<div class=\"elementor-field-type-text elementor-field-group elementor-column elementor-field-group-name elementor-col-50\">\n\t\t\t\t\t\t\t\t\t\t\t\t<label for=\"form-field-name\" class=\"elementor-field-label\">\n\t\t\t\t\t\t\t\tYour Name\t\t\t\t\t\t\t<\/label>\n\t\t\t\t\t\t\t\t\t\t\t\t\t\t<input size=\"1\" type=\"text\" name=\"form_fields[name]\" id=\"form-field-name\" class=\"elementor-field elementor-size-sm  elementor-field-textual\" placeholder=\"Your Name\">\n\t\t\t\t\t\t\t\t\t\t\t<\/div>\n\t\t\t\t\t\t\t\t<div class=\"elementor-field-type-email elementor-field-group elementor-column elementor-field-group-email elementor-col-50 elementor-field-required\">\n\t\t\t\t\t\t\t\t\t\t\t\t<label for=\"form-field-email\" class=\"elementor-field-label\">\n\t\t\t\t\t\t\t\tEmail Address\t\t\t\t\t\t\t<\/label>\n\t\t\t\t\t\t\t\t\t\t\t\t\t\t<input size=\"1\" type=\"email\" name=\"form_fields[email]\" id=\"form-field-email\" class=\"elementor-field elementor-size-sm  elementor-field-textual\" placeholder=\"Email Address\" required=\"required\">\n\t\t\t\t\t\t\t\t\t\t\t<\/div>\n\t\t\t\t\t\t\t\t<div class=\"elementor-field-type-tel elementor-field-group elementor-column elementor-field-group-field_367446f elementor-col-50\">\n\t\t\t\t\t\t\t\t\t\t\t\t<label for=\"form-field-field_367446f\" class=\"elementor-field-label\">\n\t\t\t\t\t\t\t\tPhone Number\t\t\t\t\t\t\t<\/label>\n\t\t\t\t\t\t\t\t<input size=\"1\" type=\"tel\" name=\"form_fields[field_367446f]\" id=\"form-field-field_367446f\" class=\"elementor-field elementor-size-sm  elementor-field-textual\" placeholder=\"Phone Number\" pattern=\"[0-9()#&amp;+*-=.]+\" title=\"Nur Nummern oder Telefon-Zeichen (#, -, *, etc) werden akzeptiert.\">\n\n\t\t\t\t\t\t<\/div>\n\t\t\t\t\t\t\t\t<div class=\"elementor-field-type-select elementor-field-group elementor-column elementor-field-group-field_82faa25 elementor-col-50 elementor-sm-50 elementor-field-required\">\n\t\t\t\t\t\t\t\t\t\t\t\t<label for=\"form-field-field_82faa25\" class=\"elementor-field-label\">\n\t\t\t\t\t\t\t\tWhat is your intrest\t\t\t\t\t\t\t<\/label>\n\t\t\t\t\t\t\t\t<div class=\"elementor-field elementor-select-wrapper remove-before \">\n\t\t\t<div class=\"select-caret-down-wrapper\">\n\t\t\t\t<i aria-hidden=\"true\" class=\"eicon-caret-down\"><\/i>\t\t\t<\/div>\n\t\t\t<select name=\"form_fields[field_82faa25]\" id=\"form-field-field_82faa25\" class=\"elementor-field-textual elementor-size-sm\" required=\"required\">\n\t\t\t\t\t\t\t\t\t<option value=\"Advertising\">Advertising<\/option>\n\t\t\t\t\t\t\t\t\t<option value=\"Contributer\">Contributer<\/option>\n\t\t\t\t\t\t\t\t\t<option value=\"Distribution\">Distribution<\/option>\n\t\t\t\t\t\t\t<\/select>\n\t\t<\/div>\n\t\t\t\t\t\t<\/div>\n\t\t\t\t\t\t\t\t<div class=\"elementor-field-type-textarea elementor-field-group elementor-column elementor-field-group-message elementor-col-100\">\n\t\t\t\t\t\t\t\t\t\t\t\t<label for=\"form-field-message\" class=\"elementor-field-label\">\n\t\t\t\t\t\t\t\tMessage\t\t\t\t\t\t\t<\/label>\n\t\t\t\t\t\t<textarea class=\"elementor-field-textual elementor-field  elementor-size-sm\" name=\"form_fields[message]\" id=\"form-field-message\" rows=\"4\" placeholder=\"Tell us about your project\"><\/textarea>\t\t\t\t<\/div>\n\t\t\t\t\t\t\t\t<div class=\"elementor-field-group elementor-column elementor-field-type-submit elementor-col-100 e-form__buttons\">\n\t\t\t\t\t<button class=\"elementor-button elementor-size-sm\" type=\"submit\">\n\t\t\t\t\t\t<span class=\"elementor-button-content-wrapper\">\n\t\t\t\t\t\t\t\t\t\t\t\t\t\t\t\t\t\t\t\t\t\t<span class=\"elementor-button-text\">Send<\/span>\n\t\t\t\t\t\t\t\t\t\t\t\t\t<\/span>\n\t\t\t\t\t<\/button>\n\t\t\t\t<\/div>\n\t\t\t<\/div>\n\t\t<\/form>\n\t\t\t\t\t\t<\/div>\n\t\t\t\t<\/div>\n\t\t\t\t\t<\/div>\n\t\t<\/div>\n\t\t\t\t\t<\/div>\n\t\t<\/section>\n\t\t\t\t<section class=\"elementor-section elementor-top-section elementor-element elementor-element-61cc71ab elementor-section-boxed elementor-section-height-default elementor-section-height-default\" data-id=\"61cc71ab\" data-element_type=\"section\" data-e-type=\"section\">\n\t\t\t\t\t\t<div class=\"elementor-container elementor-column-gap-default\">\n\t\t\t\t\t<div class=\"elementor-column elementor-col-100 elementor-top-column elementor-element elementor-element-9e6a6fe\" data-id=\"9e6a6fe\" data-element_type=\"column\" data-e-type=\"column\">\n\t\t\t<div class=\"elementor-widget-wrap elementor-element-populated\">\n\t\t\t\t\t\t<div class=\"elementor-element elementor-element-6bb22bb3 elementor-widget__width-auto elementor-absolute elementor-view-default elementor-widget elementor-widget-icon\" data-id=\"6bb22bb3\" data-element_type=\"widget\" data-e-type=\"widget\" data-settings=\"{&quot;_position&quot;:&quot;absolute&quot;}\" data-widget_type=\"icon.default\">\n\t\t\t\t<div class=\"elementor-widget-container\">\n\t\t\t\t\t\t\t<div class=\"elementor-icon-wrapper\">\n\t\t\t<div class=\"elementor-icon\">\n\t\t\t<svg xmlns=\"http:\/\/www.w3.org\/2000\/svg\" id=\"ac939f18-d8bf-4e82-b776-4e3a06b99f10\" data-name=\"Layer 1\" width=\"161.1328\" height=\"152.6367\" viewBox=\"0 0 161.1328 152.6367\"><path d=\"M.8672,64.2305H32.8008q1.4647,12.3046-2.6367,29.0039Q22.84,121.3594.8672,125.4609V153q33.6914-4.6875,48.0469-31.7871T63.27,59.25V.3633H.8672Z\" transform=\"translate(-0.8672 -0.3633)\"><\/path><path d=\"M99.3047.3633V64.2305h31.9336q1.1718,12.3046-2.93,29.0039-7.0313,28.125-29.0039,32.2265V153q33.9843-4.1016,48.34-31.4941T162,59.25V.3633Z\" transform=\"translate(-0.8672 -0.3633)\"><\/path><\/svg>\t\t\t<\/div>\n\t\t<\/div>\n\t\t\t\t\t\t<\/div>\n\t\t\t\t<\/div>\n\t\t\t\t<div class=\"elementor-element elementor-element-28922ab8 elementor-blockquote--skin-clean elementor-blockquote--align-center elementor-widget elementor-widget-blockquote\" data-id=\"28922ab8\" data-element_type=\"widget\" data-e-type=\"widget\" data-widget_type=\"blockquote.default\">\n\t\t\t\t<div class=\"elementor-widget-container\">\n\t\t\t\t\t\t\t<blockquote class=\"elementor-blockquote\">\n\t\t\t<p class=\"elementor-blockquote__content\">\n\t\t\t\tAmazing. The Printversion is even better  then to read it online. High quality paper and printing.\t\t\t<\/p>\n\t\t\t\t\t\t\t<div class=\"e-q-footer\">\n\t\t\t\t\t\t\t\t\t\t\t<cite class=\"elementor-blockquote__author\">-- Research garden --<\/cite>\n\t\t\t\t\t\t\t\t\t\t\t\t\t\t<\/div>\n\t\t\t\t\t<\/blockquote>\n\t\t\t\t\t\t<\/div>\n\t\t\t\t<\/div>\n\t\t\t\t\t<\/div>\n\t\t<\/div>\n\t\t\t\t\t<\/div>\n\t\t<\/section>\n\t\t\t\t<\/div>\n\t\t","protected":false},"excerpt":{"rendered":"<p>Kontaktieren Sie uns CannariasMag - The Higherlifesyle MagazinWenn Sie einen Beitrag leisten oder werben m\u00f6chten, nehmen Sie bitte Kontakt mit uns auf. edit@cannariasmag.com F\u00fcllen Sie das untenstehende Formular aus und wir werden uns so schnell wie m\u00f6glich mit Ihnen in Verbindung setzen Erstaunlich. Die Printversion ist noch besser als online zu lesen. Hochwertiges Papier und Druck. - Forschungsgarten -<\/p>","protected":false},"author":1,"featured_media":0,"parent":0,"menu_order":0,"comment_status":"closed","ping_status":"closed","template":"","meta":{"footnotes":""},"class_list":["post-26","page","type-page","status-publish","hentry"],"yoast_head":"<!-- This site is optimized with the Yoast SEO plugin v26.5 - https:\/\/yoast.com\/wordpress\/plugins\/seo\/ -->\n<title>Contact Us - CannariasMag<\/title>\n<meta name=\"robots\" content=\"index, follow, max-snippet:-1, max-image-preview:large, max-video-preview:-1\" \/>\n<link rel=\"canonical\" href=\"https:\/\/cannariasmag.com\/de\/contact-us\/\" \/>\n<meta property=\"og:locale\" content=\"de_DE\" \/>\n<meta property=\"og:type\" content=\"article\" \/>\n<meta property=\"og:title\" content=\"Contact Us - CannariasMag\" \/>\n<meta property=\"og:description\" content=\"Contact us CannariasMag &#8211; The Higherlifesyle MagazinIf you want to contribute or advertise, please get in touch. edit@cannariasmag.com Fill out the form below and we will contact you as soon as possible Amazing. The Printversion is even better then to read it online. High quality paper and printing. &#8212; Research garden &#8212;\" \/>\n<meta property=\"og:url\" content=\"https:\/\/cannariasmag.com\/de\/contact-us\/\" \/>\n<meta property=\"og:site_name\" content=\"CannariasMag\" \/>\n<meta property=\"article:modified_time\" content=\"2022-11-25T08:55:06+00:00\" \/>\n<meta property=\"og:image\" content=\"https:\/\/cannariasmag.com\/wp-content\/uploads\/elementor\/thumbs\/Geri_CannariasMag-pwe9x29e1ea7ki8pge4luhwxu237p09d61iatj504g.jpg\" \/>\n<meta name=\"twitter:card\" content=\"summary_large_image\" \/>\n<script type=\"application\/ld+json\" class=\"yoast-schema-graph\">{\"@context\":\"https:\/\/schema.org\",\"@graph\":[{\"@type\":\"WebPage\",\"@id\":\"https:\/\/cannariasmag.com\/contact-us\/\",\"url\":\"https:\/\/cannariasmag.com\/contact-us\/\",\"name\":\"Contact Us - CannariasMag\",\"isPartOf\":{\"@id\":\"https:\/\/cannariasmag.com\/#website\"},\"primaryImageOfPage\":{\"@id\":\"https:\/\/cannariasmag.com\/contact-us\/#primaryimage\"},\"image\":{\"@id\":\"https:\/\/cannariasmag.com\/contact-us\/#primaryimage\"},\"thumbnailUrl\":\"https:\/\/cannariasmag.com\/wp-content\/uploads\/elementor\/thumbs\/Geri_CannariasMag-pwe9x29e1ea7ki8pge4luhwxu237p09d61iatj504g.jpg\",\"datePublished\":\"2022-10-18T12:52:05+00:00\",\"dateModified\":\"2022-11-25T08:55:06+00:00\",\"breadcrumb\":{\"@id\":\"https:\/\/cannariasmag.com\/contact-us\/#breadcrumb\"},\"inLanguage\":\"de\",\"potentialAction\":[{\"@type\":\"ReadAction\",\"target\":[\"https:\/\/cannariasmag.com\/contact-us\/\"]}]},{\"@type\":\"ImageObject\",\"inLanguage\":\"de\",\"@id\":\"https:\/\/cannariasmag.com\/contact-us\/#primaryimage\",\"url\":\"https:\/\/cannariasmag.com\/wp-content\/uploads\/elementor\/thumbs\/Geri_CannariasMag-pwe9x29e1ea7ki8pge4luhwxu237p09d61iatj504g.jpg\",\"contentUrl\":\"https:\/\/cannariasmag.com\/wp-content\/uploads\/elementor\/thumbs\/Geri_CannariasMag-pwe9x29e1ea7ki8pge4luhwxu237p09d61iatj504g.jpg\"},{\"@type\":\"BreadcrumbList\",\"@id\":\"https:\/\/cannariasmag.com\/contact-us\/#breadcrumb\",\"itemListElement\":[{\"@type\":\"ListItem\",\"position\":1,\"name\":\"Home\",\"item\":\"https:\/\/cannariasmag.com\/\"},{\"@type\":\"ListItem\",\"position\":2,\"name\":\"Contact Us\"}]},{\"@type\":\"WebSite\",\"@id\":\"https:\/\/cannariasmag.com\/#website\",\"url\":\"https:\/\/cannariasmag.com\/\",\"name\":\"CannariasMag\",\"description\":\"The Higher Lifestyle Magazine\",\"publisher\":{\"@id\":\"https:\/\/cannariasmag.com\/#organization\"},\"potentialAction\":[{\"@type\":\"SearchAction\",\"target\":{\"@type\":\"EntryPoint\",\"urlTemplate\":\"https:\/\/cannariasmag.com\/?s={search_term_string}\"},\"query-input\":{\"@type\":\"PropertyValueSpecification\",\"valueRequired\":true,\"valueName\":\"search_term_string\"}}],\"inLanguage\":\"de\"},{\"@type\":\"Organization\",\"@id\":\"https:\/\/cannariasmag.com\/#organization\",\"name\":\"CannariasMag\",\"url\":\"https:\/\/cannariasmag.com\/\",\"logo\":{\"@type\":\"ImageObject\",\"inLanguage\":\"de\",\"@id\":\"https:\/\/cannariasmag.com\/#\/schema\/logo\/image\/\",\"url\":\"https:\/\/cannariasmag.com\/wp-content\/uploads\/2022\/10\/cropped-cropped-logo.png\",\"contentUrl\":\"https:\/\/cannariasmag.com\/wp-content\/uploads\/2022\/10\/cropped-cropped-logo.png\",\"width\":512,\"height\":120,\"caption\":\"CannariasMag\"},\"image\":{\"@id\":\"https:\/\/cannariasmag.com\/#\/schema\/logo\/image\/\"}}]}<\/script>\n<!-- \/ Yoast SEO plugin. -->","yoast_head_json":{"title":"Contact Us - CannariasMag","robots":{"index":"index","follow":"follow","max-snippet":"max-snippet:-1","max-image-preview":"max-image-preview:large","max-video-preview":"max-video-preview:-1"},"canonical":"https:\/\/cannariasmag.com\/de\/contact-us\/","og_locale":"de_DE","og_type":"article","og_title":"Contact Us - CannariasMag","og_description":"Contact us CannariasMag &#8211; The Higherlifesyle MagazinIf you want to contribute or advertise, please get in touch. edit@cannariasmag.com Fill out the form below and we will contact you as soon as possible Amazing. The Printversion is even better then to read it online. High quality paper and printing. &#8212; Research garden &#8212;","og_url":"https:\/\/cannariasmag.com\/de\/contact-us\/","og_site_name":"CannariasMag","article_modified_time":"2022-11-25T08:55:06+00:00","og_image":[{"url":"https:\/\/cannariasmag.com\/wp-content\/uploads\/elementor\/thumbs\/Geri_CannariasMag-pwe9x29e1ea7ki8pge4luhwxu237p09d61iatj504g.jpg","type":"","width":"","height":""}],"twitter_card":"summary_large_image","schema":{"@context":"https:\/\/schema.org","@graph":[{"@type":"WebPage","@id":"https:\/\/cannariasmag.com\/contact-us\/","url":"https:\/\/cannariasmag.com\/contact-us\/","name":"Contact Us - CannariasMag","isPartOf":{"@id":"https:\/\/cannariasmag.com\/#website"},"primaryImageOfPage":{"@id":"https:\/\/cannariasmag.com\/contact-us\/#primaryimage"},"image":{"@id":"https:\/\/cannariasmag.com\/contact-us\/#primaryimage"},"thumbnailUrl":"https:\/\/cannariasmag.com\/wp-content\/uploads\/elementor\/thumbs\/Geri_CannariasMag-pwe9x29e1ea7ki8pge4luhwxu237p09d61iatj504g.jpg","datePublished":"2022-10-18T12:52:05+00:00","dateModified":"2022-11-25T08:55:06+00:00","breadcrumb":{"@id":"https:\/\/cannariasmag.com\/contact-us\/#breadcrumb"},"inLanguage":"de","potentialAction":[{"@type":"ReadAction","target":["https:\/\/cannariasmag.com\/contact-us\/"]}]},{"@type":"ImageObject","inLanguage":"de","@id":"https:\/\/cannariasmag.com\/contact-us\/#primaryimage","url":"https:\/\/cannariasmag.com\/wp-content\/uploads\/elementor\/thumbs\/Geri_CannariasMag-pwe9x29e1ea7ki8pge4luhwxu237p09d61iatj504g.jpg","contentUrl":"https:\/\/cannariasmag.com\/wp-content\/uploads\/elementor\/thumbs\/Geri_CannariasMag-pwe9x29e1ea7ki8pge4luhwxu237p09d61iatj504g.jpg"},{"@type":"BreadcrumbList","@id":"https:\/\/cannariasmag.com\/contact-us\/#breadcrumb","itemListElement":[{"@type":"ListItem","position":1,"name":"Home","item":"https:\/\/cannariasmag.com\/"},{"@type":"ListItem","position":2,"name":"Contact Us"}]},{"@type":"WebSite","@id":"https:\/\/cannariasmag.com\/#website","url":"https:\/\/cannariasmag.com\/","name":"CannariasMag","description":"Das Magazin f\u00fcr h\u00f6heren Lebensstil","publisher":{"@id":"https:\/\/cannariasmag.com\/#organization"},"potentialAction":[{"@type":"SearchAction","target":{"@type":"EntryPoint","urlTemplate":"https:\/\/cannariasmag.com\/?s={search_term_string}"},"query-input":{"@type":"PropertyValueSpecification","valueRequired":true,"valueName":"search_term_string"}}],"inLanguage":"de"},{"@type":"Organization","@id":"https:\/\/cannariasmag.com\/#organization","name":"CannariasMag","url":"https:\/\/cannariasmag.com\/","logo":{"@type":"ImageObject","inLanguage":"de","@id":"https:\/\/cannariasmag.com\/#\/schema\/logo\/image\/","url":"https:\/\/cannariasmag.com\/wp-content\/uploads\/2022\/10\/cropped-cropped-logo.png","contentUrl":"https:\/\/cannariasmag.com\/wp-content\/uploads\/2022\/10\/cropped-cropped-logo.png","width":512,"height":120,"caption":"CannariasMag"},"image":{"@id":"https:\/\/cannariasmag.com\/#\/schema\/logo\/image\/"}}]}},"jetpack_sharing_enabled":true,"_links":{"self":[{"href":"https:\/\/cannariasmag.com\/de\/wp-json\/wp\/v2\/pages\/26","targetHints":{"allow":["GET"]}}],"collection":[{"href":"https:\/\/cannariasmag.com\/de\/wp-json\/wp\/v2\/pages"}],"about":[{"href":"https:\/\/cannariasmag.com\/de\/wp-json\/wp\/v2\/types\/page"}],"author":[{"embeddable":true,"href":"https:\/\/cannariasmag.com\/de\/wp-json\/wp\/v2\/users\/1"}],"replies":[{"embeddable":true,"href":"https:\/\/cannariasmag.com\/de\/wp-json\/wp\/v2\/comments?post=26"}],"version-history":[{"count":20,"href":"https:\/\/cannariasmag.com\/de\/wp-json\/wp\/v2\/pages\/26\/revisions"}],"predecessor-version":[{"id":508,"href":"https:\/\/cannariasmag.com\/de\/wp-json\/wp\/v2\/pages\/26\/revisions\/508"}],"wp:attachment":[{"href":"https:\/\/cannariasmag.com\/de\/wp-json\/wp\/v2\/media?parent=26"}],"curies":[{"name":"wp","href":"https:\/\/api.w.org\/{rel}","templated":true}]}}