{"id":16,"date":"2022-10-03T19:10:44","date_gmt":"2022-10-03T18:10:44","guid":{"rendered":"https:\/\/cannariasmag.com\/?page_id=16"},"modified":"2022-10-18T14:17:10","modified_gmt":"2022-10-18T13:17:10","slug":"refund_returns","status":"publish","type":"page","link":"https:\/\/cannariasmag.com\/it\/refund_returns\/","title":{"rendered":"Politica di rimborso e restituzione"},"content":{"rendered":"<p><b>Questa \u00e8 una pagina di esempio.<\/b><\/p>\n\n\n\n<h3>Panoramica<\/h3>\n\n\n\n<p>La nostra politica di rimborso e restituzione dura 30 giorni. Se sono trascorsi 30 giorni dall'acquisto, non possiamo offrire un rimborso completo o una sostituzione.<\/p>\n\n\n\n<p>Per poter effettuare un reso, l'articolo deve essere inutilizzato e nelle stesse condizioni in cui \u00e8 stato ricevuto. Deve inoltre essere nella confezione originale.<\/p>\n\n\n\n<p>Diversi tipi di merce non possono essere restituiti. I prodotti deperibili come alimenti, fiori, giornali o riviste non possono essere restituiti. Non accettiamo inoltre prodotti intimi o sanitari, materiali pericolosi, liquidi o gas infiammabili.<\/p>\n\n\n\n<p>Ulteriori articoli non restituibili:<\/p>\n\n\n\n<ul class=\"wp-block-list\">\n<li>Carte regalo<\/li>\n<li>Prodotti software scaricabili<\/li>\n<li>Alcuni articoli per la salute e la cura della persona<\/li>\n<\/ul>\n\n\n\n<p>Per completare il reso, \u00e8 necessaria una ricevuta o una prova d'acquisto.<\/p>\n\n\n\n<p>Non rispedire l'acquisto al produttore.<\/p>\n\n\n\n<p>In alcune situazioni vengono concessi solo rimborsi parziali:<\/p>\n\n\n\n<ul class=\"wp-block-list\">\n<li>Libro con evidenti segni d'uso<\/li>\n<li>CD, DVD, cassette VHS, software, videogiochi, cassette o dischi in vinile che sono stati aperti.<\/li>\n<li>Qualsiasi articolo non in condizioni originali, danneggiato o mancante di parti per motivi non dovuti a un nostro errore.<\/li>\n<li>Qualsiasi articolo restituito dopo pi\u00f9 di 30 giorni dalla consegna.<\/li>\n<\/ul>\n\n\n\n<h2>Rimborsi<\/h2>\n\n\n\n<p>Una volta ricevuto e ispezionato il vostro reso, vi invieremo un'e-mail per notificarvi che abbiamo ricevuto l'articolo restituito. Vi comunicheremo inoltre l'approvazione o il rifiuto del rimborso.<\/p>\n\n\n\n<p>Se il rimborso viene approvato, verr\u00e0 elaborato e un credito verr\u00e0 automaticamente applicato alla carta di credito o al metodo di pagamento originale entro un certo numero di giorni.<\/p>\n\n\n\n<b>Rimborsi in ritardo o mancanti<\/b>\n\n\n\n<p>Se non avete ancora ricevuto il rimborso, controllate di nuovo il vostro conto bancario.<\/p>\n\n\n\n<p>Contattate quindi la societ\u00e0 che gestisce la vostra carta di credito: potrebbe volerci un po' di tempo prima che il rimborso venga ufficialmente inviato.<\/p>\n\n\n\n<p>Contattare quindi la propria banca. Spesso ci sono dei tempi di elaborazione prima che il rimborso venga pubblicato.<\/p>\n\n\n\n<p>Se avete fatto tutto questo e non avete ancora ricevuto il rimborso, contattateci a {indirizzo e-mail}.<\/p>\n\n\n\n<b>Articoli in vendita<\/b>\n\n\n\n<p>Possono essere rimborsati solo gli articoli a prezzo normale. Gli articoli in saldo non possono essere rimborsati.<\/p>\n\n\n\n<h2>Scambi<\/h2>\n\n\n\n<p>Sostituiamo gli articoli solo se sono difettosi o danneggiati. Se si desidera sostituire l'articolo con un altro dello stesso tipo, inviare un'e-mail a {indirizzo e-mail} e spedire l'articolo a: {indirizzo fisico}.<\/p>\n\n\n\n<h2>Regali<\/h2>\n\n\n\n<p>Se l'articolo \u00e8 stato contrassegnato come regalo al momento dell'acquisto e spedito direttamente a voi, riceverete un credito per il valore del vostro reso. Una volta ricevuto l'articolo restituito, vi verr\u00e0 spedito un buono regalo.<\/p>\n\n\n\n<p>Se l'articolo non \u00e8 stato contrassegnato come regalo al momento dell'acquisto, o se chi ha fatto il regalo si \u00e8 fatto spedire l'ordine per consegnarlo in seguito, invieremo un rimborso a chi ha fatto il regalo e verr\u00e0 a conoscenza del vostro reso.<\/p>\n\n\n\n<h2>Resi di spedizione<\/h2>\n\n\n\n<p>Per restituire il prodotto, \u00e8 necessario spedirlo a: {indirizzo fisico}.<\/p>\n\n\n\n<p>Le spese di spedizione per la restituzione dell'articolo sono a carico del cliente. Le spese di spedizione non sono rimborsabili. Se si riceve un rimborso, le spese di spedizione per la restituzione saranno detratte dal rimborso.<\/p>\n\n\n\n<p>A seconda del luogo di residenza, i tempi di consegna del prodotto scambiato possono variare.<\/p>\n\n\n\n<p>Se si restituiscono articoli pi\u00f9 costosi, si consiglia di utilizzare un servizio di spedizione tracciabile o di acquistare un'assicurazione sulla spedizione. Non garantiamo di ricevere l'articolo restituito.<\/p>\n\n\n\n<h2>Avete bisogno di aiuto?<\/h2>\n\n\n\n<p>Contattateci all'indirizzo {email} per domande relative a rimborsi e restituzioni.<\/p>","protected":false},"excerpt":{"rendered":"<p>This is a sample page. Overview Our refund and returns policy lasts 30 days. If 30 days have passed since your purchase, we can\u2019t offer you a full refund or exchange. To be eligible for a return, your item must be unused and in the same condition that you received it. It must also be [&hellip;]<\/p>\n","protected":false},"author":1,"featured_media":0,"parent":0,"menu_order":0,"comment_status":"closed","ping_status":"closed","template":"","meta":{"footnotes":""},"class_list":["post-16","page","type-page","status-publish","hentry"],"yoast_head":"<!-- This site is optimized with the Yoast SEO plugin v26.5 - https:\/\/yoast.com\/wordpress\/plugins\/seo\/ -->\n<title>Refund and Returns Policy - CannariasMag<\/title>\n<meta name=\"robots\" content=\"index, follow, max-snippet:-1, max-image-preview:large, max-video-preview:-1\" \/>\n<link rel=\"canonical\" href=\"https:\/\/cannariasmag.com\/it\/refund_returns\/\" \/>\n<meta property=\"og:locale\" content=\"it_IT\" \/>\n<meta property=\"og:type\" content=\"article\" \/>\n<meta property=\"og:title\" content=\"Refund and Returns Policy - CannariasMag\" \/>\n<meta property=\"og:description\" content=\"This is a sample page. Overview Our refund and returns policy lasts 30 days. If 30 days have passed since your purchase, we can\u2019t offer you a full refund or exchange. To be eligible for a return, your item must be unused and in the same condition that you received it. It must also be [&hellip;]\" \/>\n<meta property=\"og:url\" content=\"https:\/\/cannariasmag.com\/it\/refund_returns\/\" \/>\n<meta property=\"og:site_name\" content=\"CannariasMag\" \/>\n<meta property=\"article:modified_time\" content=\"2022-10-18T13:17:10+00:00\" \/>\n<meta name=\"twitter:card\" content=\"summary_large_image\" \/>\n<meta name=\"twitter:label1\" content=\"Tempo di lettura stimato\" \/>\n\t<meta name=\"twitter:data1\" content=\"3 minuti\" \/>\n<script type=\"application\/ld+json\" class=\"yoast-schema-graph\">{\"@context\":\"https:\/\/schema.org\",\"@graph\":[{\"@type\":\"WebPage\",\"@id\":\"https:\/\/cannariasmag.com\/refund_returns\/\",\"url\":\"https:\/\/cannariasmag.com\/refund_returns\/\",\"name\":\"Refund and Returns Policy - CannariasMag\",\"isPartOf\":{\"@id\":\"https:\/\/cannariasmag.com\/#website\"},\"datePublished\":\"2022-10-03T18:10:44+00:00\",\"dateModified\":\"2022-10-18T13:17:10+00:00\",\"breadcrumb\":{\"@id\":\"https:\/\/cannariasmag.com\/refund_returns\/#breadcrumb\"},\"inLanguage\":\"it-IT\",\"potentialAction\":[{\"@type\":\"ReadAction\",\"target\":[\"https:\/\/cannariasmag.com\/refund_returns\/\"]}]},{\"@type\":\"BreadcrumbList\",\"@id\":\"https:\/\/cannariasmag.com\/refund_returns\/#breadcrumb\",\"itemListElement\":[{\"@type\":\"ListItem\",\"position\":1,\"name\":\"Home\",\"item\":\"https:\/\/cannariasmag.com\/\"},{\"@type\":\"ListItem\",\"position\":2,\"name\":\"Refund and Returns Policy\"}]},{\"@type\":\"WebSite\",\"@id\":\"https:\/\/cannariasmag.com\/#website\",\"url\":\"https:\/\/cannariasmag.com\/\",\"name\":\"CannariasMag\",\"description\":\"The Higher Lifestyle Magazine\",\"publisher\":{\"@id\":\"https:\/\/cannariasmag.com\/#organization\"},\"potentialAction\":[{\"@type\":\"SearchAction\",\"target\":{\"@type\":\"EntryPoint\",\"urlTemplate\":\"https:\/\/cannariasmag.com\/?s={search_term_string}\"},\"query-input\":{\"@type\":\"PropertyValueSpecification\",\"valueRequired\":true,\"valueName\":\"search_term_string\"}}],\"inLanguage\":\"it-IT\"},{\"@type\":\"Organization\",\"@id\":\"https:\/\/cannariasmag.com\/#organization\",\"name\":\"CannariasMag\",\"url\":\"https:\/\/cannariasmag.com\/\",\"logo\":{\"@type\":\"ImageObject\",\"inLanguage\":\"it-IT\",\"@id\":\"https:\/\/cannariasmag.com\/#\/schema\/logo\/image\/\",\"url\":\"https:\/\/cannariasmag.com\/wp-content\/uploads\/2022\/10\/cropped-cropped-logo.png\",\"contentUrl\":\"https:\/\/cannariasmag.com\/wp-content\/uploads\/2022\/10\/cropped-cropped-logo.png\",\"width\":512,\"height\":120,\"caption\":\"CannariasMag\"},\"image\":{\"@id\":\"https:\/\/cannariasmag.com\/#\/schema\/logo\/image\/\"}}]}<\/script>\n<!-- \/ Yoast SEO plugin. -->","yoast_head_json":{"title":"Refund and Returns Policy - CannariasMag","robots":{"index":"index","follow":"follow","max-snippet":"max-snippet:-1","max-image-preview":"max-image-preview:large","max-video-preview":"max-video-preview:-1"},"canonical":"https:\/\/cannariasmag.com\/it\/refund_returns\/","og_locale":"it_IT","og_type":"article","og_title":"Refund and Returns Policy - CannariasMag","og_description":"This is a sample page. Overview Our refund and returns policy lasts 30 days. If 30 days have passed since your purchase, we can\u2019t offer you a full refund or exchange. To be eligible for a return, your item must be unused and in the same condition that you received it. It must also be [&hellip;]","og_url":"https:\/\/cannariasmag.com\/it\/refund_returns\/","og_site_name":"CannariasMag","article_modified_time":"2022-10-18T13:17:10+00:00","twitter_card":"summary_large_image","twitter_misc":{"Tempo di lettura stimato":"3 minuti"},"schema":{"@context":"https:\/\/schema.org","@graph":[{"@type":"WebPage","@id":"https:\/\/cannariasmag.com\/refund_returns\/","url":"https:\/\/cannariasmag.com\/refund_returns\/","name":"Refund and Returns Policy - CannariasMag","isPartOf":{"@id":"https:\/\/cannariasmag.com\/#website"},"datePublished":"2022-10-03T18:10:44+00:00","dateModified":"2022-10-18T13:17:10+00:00","breadcrumb":{"@id":"https:\/\/cannariasmag.com\/refund_returns\/#breadcrumb"},"inLanguage":"it-IT","potentialAction":[{"@type":"ReadAction","target":["https:\/\/cannariasmag.com\/refund_returns\/"]}]},{"@type":"BreadcrumbList","@id":"https:\/\/cannariasmag.com\/refund_returns\/#breadcrumb","itemListElement":[{"@type":"ListItem","position":1,"name":"Home","item":"https:\/\/cannariasmag.com\/"},{"@type":"ListItem","position":2,"name":"Refund and Returns Policy"}]},{"@type":"WebSite","@id":"https:\/\/cannariasmag.com\/#website","url":"https:\/\/cannariasmag.com\/","name":"CannariasMag","description":"La rivista Higher Lifestyle","publisher":{"@id":"https:\/\/cannariasmag.com\/#organization"},"potentialAction":[{"@type":"SearchAction","target":{"@type":"EntryPoint","urlTemplate":"https:\/\/cannariasmag.com\/?s={search_term_string}"},"query-input":{"@type":"PropertyValueSpecification","valueRequired":true,"valueName":"search_term_string"}}],"inLanguage":"it-IT"},{"@type":"Organization","@id":"https:\/\/cannariasmag.com\/#organization","name":"CannariasMag","url":"https:\/\/cannariasmag.com\/","logo":{"@type":"ImageObject","inLanguage":"it-IT","@id":"https:\/\/cannariasmag.com\/#\/schema\/logo\/image\/","url":"https:\/\/cannariasmag.com\/wp-content\/uploads\/2022\/10\/cropped-cropped-logo.png","contentUrl":"https:\/\/cannariasmag.com\/wp-content\/uploads\/2022\/10\/cropped-cropped-logo.png","width":512,"height":120,"caption":"CannariasMag"},"image":{"@id":"https:\/\/cannariasmag.com\/#\/schema\/logo\/image\/"}}]}},"jetpack_sharing_enabled":true,"_links":{"self":[{"href":"https:\/\/cannariasmag.com\/it\/wp-json\/wp\/v2\/pages\/16","targetHints":{"allow":["GET"]}}],"collection":[{"href":"https:\/\/cannariasmag.com\/it\/wp-json\/wp\/v2\/pages"}],"about":[{"href":"https:\/\/cannariasmag.com\/it\/wp-json\/wp\/v2\/types\/page"}],"author":[{"embeddable":true,"href":"https:\/\/cannariasmag.com\/it\/wp-json\/wp\/v2\/users\/1"}],"replies":[{"embeddable":true,"href":"https:\/\/cannariasmag.com\/it\/wp-json\/wp\/v2\/comments?post=16"}],"version-history":[{"count":1,"href":"https:\/\/cannariasmag.com\/it\/wp-json\/wp\/v2\/pages\/16\/revisions"}],"predecessor-version":[{"id":358,"href":"https:\/\/cannariasmag.com\/it\/wp-json\/wp\/v2\/pages\/16\/revisions\/358"}],"wp:attachment":[{"href":"https:\/\/cannariasmag.com\/it\/wp-json\/wp\/v2\/media?parent=16"}],"curies":[{"name":"wp","href":"https:\/\/api.w.org\/{rel}","templated":true}]}}